{"id":766,"date":"2023-06-26T16:07:55","date_gmt":"2023-06-26T16:07:55","guid":{"rendered":"https:\/\/baymonte.es\/legal-notice\/"},"modified":"2023-07-11T12:20:18","modified_gmt":"2023-07-11T12:20:18","slug":"aviso-legal","status":"publish","type":"page","link":"https:\/\/baymonte.es\/es\/aviso-legal\/","title":{"rendered":"Aviso Legal"},"content":{"rendered":"\t\t<div data-elementor-type=\"wp-page\" data-elementor-id=\"766\" class=\"elementor elementor-766 elementor-3\" data-elementor-post-type=\"page\">\n\t\t\t\t\t\t\t<div class=\"elementor-element elementor-element-b26f233 e-flex e-con-boxed e-con\" data-id=\"b26f233\" data-element_type=\"container\" data-settings=\"{&quot;background_background&quot;:&quot;classic&quot;,&quot;content_width&quot;:&quot;boxed&quot;}\">\n\t\t\t\t\t<div class=\"e-con-inner\">\n\t\t<div class=\"elementor-element elementor-element-f69b53c e-flex e-con-boxed e-con\" data-id=\"f69b53c\" data-element_type=\"container\" data-settings=\"{&quot;content_width&quot;:&quot;boxed&quot;}\">\n\t\t\t\t\t<div class=\"e-con-inner\">\n\t\t\t\t<div class=\"elementor-element elementor-element-16a42ca elementor-widget elementor-widget-heading\" data-id=\"16a42ca\" data-element_type=\"widget\" data-widget_type=\"heading.default\">\n\t\t\t\t<div class=\"elementor-widget-container\">\n\t\t\t<style>\/*! elementor - v3.14.0 - 26-06-2023 *\/\n.elementor-heading-title{padding:0;margin:0;line-height:1}.elementor-widget-heading .elementor-heading-title[class*=elementor-size-]>a{color:inherit;font-size:inherit;line-height:inherit}.elementor-widget-heading .elementor-heading-title.elementor-size-small{font-size:15px}.elementor-widget-heading .elementor-heading-title.elementor-size-medium{font-size:19px}.elementor-widget-heading .elementor-heading-title.elementor-size-large{font-size:29px}.elementor-widget-heading .elementor-heading-title.elementor-size-xl{font-size:39px}.elementor-widget-heading .elementor-heading-title.elementor-size-xxl{font-size:59px}<\/style><h1 class=\"elementor-heading-title elementor-size-default\">Aviso Legal<\/h1>\t\t<\/div>\n\t\t\t\t<\/div>\n\t\t\t\t<div class=\"elementor-element elementor-element-7f47053 elementor-widget elementor-widget-heading\" data-id=\"7f47053\" data-element_type=\"widget\" data-widget_type=\"heading.default\">\n\t\t\t\t<div class=\"elementor-widget-container\">\n\t\t\t<h4 class=\"elementor-heading-title elementor-size-default\">\u00daltima actualizaci\u00f3n: 12 de Julio, 2021<\/h4>\t\t<\/div>\n\t\t\t\t<\/div>\n\t\t\t\t\t<\/div>\n\t\t\t\t<\/div>\n\t\t<div class=\"elementor-element elementor-element-2f12948 e-flex e-con-boxed e-con\" data-id=\"2f12948\" data-element_type=\"container\" data-settings=\"{&quot;content_width&quot;:&quot;boxed&quot;}\">\n\t\t\t\t\t<div class=\"e-con-inner\">\n\t\t\t\t<div class=\"elementor-element elementor-element-4a584c3 elementor-widget__width-auto elementor-widget elementor-widget-button\" data-id=\"4a584c3\" data-element_type=\"widget\" data-widget_type=\"button.default\">\n\t\t\t\t<div class=\"elementor-widget-container\">\n\t\t\t\t\t<div class=\"elementor-button-wrapper\">\n\t\t\t<a class=\"elementor-button elementor-button-link elementor-size-md\" href=\"https:\/\/baymonte.es\/private\/\">\n\t\t\t\t\t\t<span class=\"elementor-button-content-wrapper\">\n\t\t\t\t\t\t<span class=\"elementor-button-icon elementor-align-icon-left\">\n\t\t\t\t<i aria-hidden=\"true\" class=\"fas fa-arrow-left\"><\/i>\t\t\t<\/span>\n\t\t\t\t\t\t<span class=\"elementor-button-text\">Volver<\/span>\n\t\t<\/span>\n\t\t\t\t\t<\/a>\n\t\t<\/div>\n\t\t\t\t<\/div>\n\t\t\t\t<\/div>\n\t\t\t\t\t<\/div>\n\t\t\t\t<\/div>\n\t\t\t\t\t<\/div>\n\t\t\t\t<\/div>\n\t\t<div class=\"elementor-element elementor-element-80f4e26 e-flex e-con-boxed e-con\" data-id=\"80f4e26\" data-element_type=\"container\" data-settings=\"{&quot;content_width&quot;:&quot;boxed&quot;}\">\n\t\t\t\t\t<div class=\"e-con-inner\">\n\t\t<div class=\"elementor-element elementor-element-662d243 e-flex e-con-boxed e-con\" data-id=\"662d243\" data-element_type=\"container\" data-settings=\"{&quot;content_width&quot;:&quot;boxed&quot;}\">\n\t\t\t\t\t<div class=\"e-con-inner\">\n\t\t\t\t<div class=\"elementor-element elementor-element-12f907e elementor-widget elementor-widget-text-editor\" data-id=\"12f907e\" data-element_type=\"widget\" data-widget_type=\"text-editor.default\">\n\t\t\t\t<div class=\"elementor-widget-container\">\n\t\t\t<style>\/*! elementor - v3.14.0 - 26-06-2023 *\/\n.elementor-widget-text-editor.elementor-drop-cap-view-stacked .elementor-drop-cap{background-color:#69727d;color:#fff}.elementor-widget-text-editor.elementor-drop-cap-view-framed .elementor-drop-cap{color:#69727d;border:3px solid;background-color:transparent}.elementor-widget-text-editor:not(.elementor-drop-cap-view-default) .elementor-drop-cap{margin-top:8px}.elementor-widget-text-editor:not(.elementor-drop-cap-view-default) .elementor-drop-cap-letter{width:1em;height:1em}.elementor-widget-text-editor .elementor-drop-cap{float:left;text-align:center;line-height:1;font-size:50px}.elementor-widget-text-editor .elementor-drop-cap-letter{display:inline-block}<\/style>\t\t\t\t<p>Este servicio es proporcionado por: ENGEL MALLORCA INVEST SL, sociedad con CIF B-57545113 y domicilio social en C\/ Isaac Peral, 50, 07157 Puerto de Andratx, Islas Baleares, Espa\u00f1a.<\/p><p>Inscrita en el Registro Mercantil de Palma de Mallorca, en el tomo 2326, folio 26, hoja PM-61073 e inscripci\u00f3n 3\u00aa.<\/p><p>ENGEL MALLORCA INVEST SL es titular de licencia de BALEAREV GMBH, sociedad constituida conforme a las Leyes de Alemania con domicilio en Zur Merhardt 9, DE-51645 Gummersbach (Alemania).<\/p><p>Para comunicarse con ENGEL MALLORCA INVEST SL, de manera directa y efectiva, podr\u00e1 dirigirse a la direcci\u00f3n de correo electr\u00f3nico: info@mallorcasouthwest.com. info@mallorcasouthwest.com.<\/p><p>El acceso, navegaci\u00f3n y uso del sitio web conlleva y supone la aceptaci\u00f3n por el Usuario del presente aviso legal, pol\u00edtica de cookies y pol\u00edtica de privacidad.<\/p>\t\t\t\t\t\t<\/div>\n\t\t\t\t<\/div>\n\t\t\t\t\t<\/div>\n\t\t\t\t<\/div>\n\t\t\t\t\t<\/div>\n\t\t\t\t<\/div>\n\t\t<div class=\"elementor-element elementor-element-02abf06 e-flex e-con-boxed e-con\" data-id=\"02abf06\" data-element_type=\"container\" data-settings=\"{&quot;background_background&quot;:&quot;classic&quot;,&quot;content_width&quot;:&quot;boxed&quot;}\">\n\t\t\t\t\t<div class=\"e-con-inner\">\n\t\t\t\t<div class=\"elementor-element elementor-element-d20cd99 elementor-nav-menu__align-center elementor-nav-menu--dropdown-none elementor-widget elementor-widget-nav-menu\" data-id=\"d20cd99\" data-element_type=\"widget\" data-settings=\"{&quot;layout&quot;:&quot;horizontal&quot;,&quot;submenu_icon&quot;:{&quot;value&quot;:&quot;&lt;i class=\\&quot;fas fa-caret-down\\&quot;&gt;&lt;\\\/i&gt;&quot;,&quot;library&quot;:&quot;fa-solid&quot;}}\" data-widget_type=\"nav-menu.default\">\n\t\t\t\t<div class=\"elementor-widget-container\">\n\t\t\t<link rel=\"stylesheet\" href=\"https:\/\/baymonte.es\/wp-content\/uploads\/elementor\/css\/custom-pro-widget-nav-menu.min.css?ver=1753958821\">\t\t\t<nav class=\"elementor-nav-menu--main elementor-nav-menu__container elementor-nav-menu--layout-horizontal e--pointer-none\">\n\t\t\t\t<ul id=\"menu-1-d20cd99\" class=\"elementor-nav-menu\"><li class=\"menu-item menu-item-type-custom menu-item-object-custom menu-item-400\"><a class=\"elementor-item\">2023 All Rights Reserved<\/a><\/li>\n<li class=\"menu-item menu-item-type-custom menu-item-object-custom menu-item-401\"><a class=\"elementor-item\">Engel Mallorca Invest S.L.<\/a><\/li>\n<li class=\"menu-item menu-item-type-post_type menu-item-object-page menu-item-399\"><a href=\"https:\/\/baymonte.es\/cookies-policy\/\" class=\"elementor-item\">Pol\u00edtica de cookies<\/a><\/li>\n<li class=\"menu-item menu-item-type-post_type menu-item-object-page menu-item-398\"><a rel=\"privacy-policy\" href=\"https:\/\/baymonte.es\/legal-notice\/\" class=\"elementor-item\">Aviso Legal<\/a><\/li>\n<\/ul>\t\t\t<\/nav>\n\t\t\t\t\t\t<nav class=\"elementor-nav-menu--dropdown elementor-nav-menu__container\" aria-hidden=\"true\">\n\t\t\t\t<ul id=\"menu-2-d20cd99\" class=\"elementor-nav-menu\"><li class=\"menu-item menu-item-type-custom menu-item-object-custom menu-item-400\"><a class=\"elementor-item\" tabindex=\"-1\">2023 All Rights Reserved<\/a><\/li>\n<li class=\"menu-item menu-item-type-custom menu-item-object-custom menu-item-401\"><a class=\"elementor-item\" tabindex=\"-1\">Engel Mallorca Invest S.L.<\/a><\/li>\n<li class=\"menu-item menu-item-type-post_type menu-item-object-page menu-item-399\"><a href=\"https:\/\/baymonte.es\/cookies-policy\/\" class=\"elementor-item\" tabindex=\"-1\">Pol\u00edtica de cookies<\/a><\/li>\n<li class=\"menu-item menu-item-type-post_type menu-item-object-page menu-item-398\"><a rel=\"privacy-policy\" href=\"https:\/\/baymonte.es\/legal-notice\/\" class=\"elementor-item\" tabindex=\"-1\">Aviso Legal<\/a><\/li>\n<\/ul>\t\t\t<\/nav>\n\t\t\t\t<\/div>\n\t\t\t\t<\/div>\n\t\t\t\t\t<\/div>\n\t\t\t\t<\/div>\n\t\t\t\t\t\t\t<\/div>\n\t\t","protected":false},"excerpt":{"rendered":"<p>\u00daltima actualizaci\u00f3n: 12 de Julio, 2021 Volver Este servicio es proporcionado por: ENGEL MALLORCA INVEST SL, sociedad con CIF B-57545113 y domicilio social en C\/ Isaac Peral, 50, 07157 Puerto de Andratx, Islas Baleares, Espa\u00f1a. Inscrita en el Registro Mercantil de Palma de Mallorca, en el tomo 2326, folio 26, hoja PM-61073 e inscripci\u00f3n 3\u00aa. [&hellip;]<\/p>\n","protected":false},"author":1,"featured_media":0,"parent":0,"menu_order":0,"comment_status":"closed","ping_status":"closed","template":"elementor_canvas","meta":{"footnotes":""},"yoast_head":"<!-- This site is optimized with the Yoast SEO plugin v20.11 - https:\/\/yoast.com\/wordpress\/plugins\/seo\/ -->\n<title>Aviso Legal - Baymonte<\/title>\n<meta name=\"robots\" content=\"noindex, follow, max-snippet:-1, max-image-preview:large, max-video-preview:-1\" \/>\n<meta property=\"og:locale\" content=\"es_ES\" \/>\n<meta property=\"og:type\" content=\"article\" \/>\n<meta property=\"og:title\" content=\"Aviso Legal - Baymonte\" \/>\n<meta property=\"og:description\" content=\"\u00daltima actualizaci\u00f3n: 12 de Julio, 2021 Volver Este servicio es proporcionado por: ENGEL MALLORCA INVEST SL, sociedad con CIF B-57545113 y domicilio social en C\/ Isaac Peral, 50, 07157 Puerto de Andratx, Islas Baleares, Espa\u00f1a. Inscrita en el Registro Mercantil de Palma de Mallorca, en el tomo 2326, folio 26, hoja PM-61073 e inscripci\u00f3n 3\u00aa. [&hellip;]\" \/>\n<meta property=\"og:url\" content=\"https:\/\/baymonte.es\/legal-notice\/\" \/>\n<meta property=\"og:site_name\" content=\"Baymonte\" \/>\n<meta property=\"article:modified_time\" content=\"2023-07-11T12:20:18+00:00\" \/>\n<meta name=\"twitter:card\" content=\"summary_large_image\" \/>\n<meta name=\"twitter:label1\" content=\"Tiempo de lectura\" \/>\n\t<meta name=\"twitter:data1\" content=\"1 minuto\" \/>\n<script type=\"application\/ld+json\" class=\"yoast-schema-graph\">{\"@context\":\"https:\/\/schema.org\",\"@graph\":[{\"@type\":\"WebPage\",\"@id\":\"https:\/\/baymonte.es\/legal-notice\/\",\"url\":\"https:\/\/baymonte.es\/legal-notice\/\",\"name\":\"Aviso Legal - Baymonte\",\"isPartOf\":{\"@id\":\"https:\/\/baymonte.es\/#website\"},\"datePublished\":\"2023-06-26T16:07:55+00:00\",\"dateModified\":\"2023-07-11T12:20:18+00:00\",\"breadcrumb\":{\"@id\":\"https:\/\/baymonte.es\/legal-notice\/#breadcrumb\"},\"inLanguage\":\"es\",\"potentialAction\":[{\"@type\":\"ReadAction\",\"target\":[\"https:\/\/baymonte.es\/legal-notice\/\"]}]},{\"@type\":\"BreadcrumbList\",\"@id\":\"https:\/\/baymonte.es\/legal-notice\/#breadcrumb\",\"itemListElement\":[{\"@type\":\"ListItem\",\"position\":1,\"name\":\"Home\",\"item\":\"https:\/\/baymonte.es\/es\/\"},{\"@type\":\"ListItem\",\"position\":2,\"name\":\"Aviso Legal\"}]},{\"@type\":\"WebSite\",\"@id\":\"https:\/\/baymonte.es\/#website\",\"url\":\"https:\/\/baymonte.es\/\",\"name\":\"Baymonte\",\"description\":\"\",\"potentialAction\":[{\"@type\":\"SearchAction\",\"target\":{\"@type\":\"EntryPoint\",\"urlTemplate\":\"https:\/\/baymonte.es\/?s={search_term_string}\"},\"query-input\":\"required name=search_term_string\"}],\"inLanguage\":\"es\"}]}<\/script>\n<!-- \/ Yoast SEO plugin. -->","yoast_head_json":{"title":"Aviso Legal - Baymonte","robots":{"index":"noindex","follow":"follow","max-snippet":"max-snippet:-1","max-image-preview":"max-image-preview:large","max-video-preview":"max-video-preview:-1"},"og_locale":"es_ES","og_type":"article","og_title":"Aviso Legal - Baymonte","og_description":"\u00daltima actualizaci\u00f3n: 12 de Julio, 2021 Volver Este servicio es proporcionado por: ENGEL MALLORCA INVEST SL, sociedad con CIF B-57545113 y domicilio social en C\/ Isaac Peral, 50, 07157 Puerto de Andratx, Islas Baleares, Espa\u00f1a. Inscrita en el Registro Mercantil de Palma de Mallorca, en el tomo 2326, folio 26, hoja PM-61073 e inscripci\u00f3n 3\u00aa. [&hellip;]","og_url":"https:\/\/baymonte.es\/legal-notice\/","og_site_name":"Baymonte","article_modified_time":"2023-07-11T12:20:18+00:00","twitter_card":"summary_large_image","twitter_misc":{"Tiempo de lectura":"1 minuto"},"schema":{"@context":"https:\/\/schema.org","@graph":[{"@type":"WebPage","@id":"https:\/\/baymonte.es\/legal-notice\/","url":"https:\/\/baymonte.es\/legal-notice\/","name":"Aviso Legal - Baymonte","isPartOf":{"@id":"https:\/\/baymonte.es\/#website"},"datePublished":"2023-06-26T16:07:55+00:00","dateModified":"2023-07-11T12:20:18+00:00","breadcrumb":{"@id":"https:\/\/baymonte.es\/legal-notice\/#breadcrumb"},"inLanguage":"es","potentialAction":[{"@type":"ReadAction","target":["https:\/\/baymonte.es\/legal-notice\/"]}]},{"@type":"BreadcrumbList","@id":"https:\/\/baymonte.es\/legal-notice\/#breadcrumb","itemListElement":[{"@type":"ListItem","position":1,"name":"Home","item":"https:\/\/baymonte.es\/es\/"},{"@type":"ListItem","position":2,"name":"Aviso Legal"}]},{"@type":"WebSite","@id":"https:\/\/baymonte.es\/#website","url":"https:\/\/baymonte.es\/","name":"Baymonte","description":"","potentialAction":[{"@type":"SearchAction","target":{"@type":"EntryPoint","urlTemplate":"https:\/\/baymonte.es\/?s={search_term_string}"},"query-input":"required name=search_term_string"}],"inLanguage":"es"}]}},"_links":{"self":[{"href":"https:\/\/baymonte.es\/es\/wp-json\/wp\/v2\/pages\/766"}],"collection":[{"href":"https:\/\/baymonte.es\/es\/wp-json\/wp\/v2\/pages"}],"about":[{"href":"https:\/\/baymonte.es\/es\/wp-json\/wp\/v2\/types\/page"}],"author":[{"embeddable":true,"href":"https:\/\/baymonte.es\/es\/wp-json\/wp\/v2\/users\/1"}],"replies":[{"embeddable":true,"href":"https:\/\/baymonte.es\/es\/wp-json\/wp\/v2\/comments?post=766"}],"version-history":[{"count":4,"href":"https:\/\/baymonte.es\/es\/wp-json\/wp\/v2\/pages\/766\/revisions"}],"predecessor-version":[{"id":781,"href":"https:\/\/baymonte.es\/es\/wp-json\/wp\/v2\/pages\/766\/revisions\/781"}],"wp:attachment":[{"href":"https:\/\/baymonte.es\/es\/wp-json\/wp\/v2\/media?parent=766"}],"curies":[{"name":"wp","href":"https:\/\/api.w.org\/{rel}","templated":true}]}}