{"id":764,"date":"2023-06-28T12:38:11","date_gmt":"2023-06-28T12:38:11","guid":{"rendered":"https:\/\/baymonte.es\/cookies-policy\/"},"modified":"2023-07-11T12:23:40","modified_gmt":"2023-07-11T12:23:40","slug":"politica-de-cookies","status":"publish","type":"page","link":"https:\/\/baymonte.es\/es\/politica-de-cookies\/","title":{"rendered":"Pol\u00edtica de cookies"},"content":{"rendered":"\t\t<div data-elementor-type=\"wp-page\" data-elementor-id=\"764\" class=\"elementor elementor-764 elementor-184\" data-elementor-post-type=\"page\">\n\t\t\t\t\t\t\t<div class=\"elementor-element elementor-element-4e772c3 e-flex e-con-boxed e-con\" data-id=\"4e772c3\" data-element_type=\"container\" data-settings=\"{&quot;background_background&quot;:&quot;classic&quot;,&quot;content_width&quot;:&quot;boxed&quot;}\">\n\t\t\t\t\t<div class=\"e-con-inner\">\n\t\t<div class=\"elementor-element elementor-element-ba3766a e-flex e-con-boxed e-con\" data-id=\"ba3766a\" data-element_type=\"container\" data-settings=\"{&quot;content_width&quot;:&quot;boxed&quot;}\">\n\t\t\t\t\t<div class=\"e-con-inner\">\n\t\t\t\t<div class=\"elementor-element elementor-element-af546cb elementor-widget elementor-widget-heading\" data-id=\"af546cb\" data-element_type=\"widget\" data-widget_type=\"heading.default\">\n\t\t\t\t<div class=\"elementor-widget-container\">\n\t\t\t<style>\/*! elementor - v3.14.0 - 26-06-2023 *\/\n.elementor-heading-title{padding:0;margin:0;line-height:1}.elementor-widget-heading .elementor-heading-title[class*=elementor-size-]>a{color:inherit;font-size:inherit;line-height:inherit}.elementor-widget-heading .elementor-heading-title.elementor-size-small{font-size:15px}.elementor-widget-heading .elementor-heading-title.elementor-size-medium{font-size:19px}.elementor-widget-heading .elementor-heading-title.elementor-size-large{font-size:29px}.elementor-widget-heading .elementor-heading-title.elementor-size-xl{font-size:39px}.elementor-widget-heading .elementor-heading-title.elementor-size-xxl{font-size:59px}<\/style><h1 class=\"elementor-heading-title elementor-size-default\">Pol\u00edtica de cookies<\/h1>\t\t<\/div>\n\t\t\t\t<\/div>\n\t\t\t\t<div class=\"elementor-element elementor-element-2e49287 elementor-widget elementor-widget-heading\" data-id=\"2e49287\" data-element_type=\"widget\" data-widget_type=\"heading.default\">\n\t\t\t\t<div class=\"elementor-widget-container\">\n\t\t\t<h4 class=\"elementor-heading-title elementor-size-default\">\u00daltima actualizaci\u00f3n: 12 de Julio, 2021<\/h4>\t\t<\/div>\n\t\t\t\t<\/div>\n\t\t\t\t\t<\/div>\n\t\t\t\t<\/div>\n\t\t<div class=\"elementor-element elementor-element-e45f84c e-flex e-con-boxed e-con\" data-id=\"e45f84c\" data-element_type=\"container\" data-settings=\"{&quot;content_width&quot;:&quot;boxed&quot;}\">\n\t\t\t\t\t<div class=\"e-con-inner\">\n\t\t\t\t<div class=\"elementor-element elementor-element-af9cf2c elementor-widget__width-auto elementor-widget elementor-widget-button\" data-id=\"af9cf2c\" data-element_type=\"widget\" data-widget_type=\"button.default\">\n\t\t\t\t<div class=\"elementor-widget-container\">\n\t\t\t\t\t<div class=\"elementor-button-wrapper\">\n\t\t\t<a class=\"elementor-button elementor-button-link elementor-size-md\" href=\"https:\/\/baymonte.es\/private\/\">\n\t\t\t\t\t\t<span class=\"elementor-button-content-wrapper\">\n\t\t\t\t\t\t<span class=\"elementor-button-icon elementor-align-icon-left\">\n\t\t\t\t<i aria-hidden=\"true\" class=\"fas fa-arrow-left\"><\/i>\t\t\t<\/span>\n\t\t\t\t\t\t<span class=\"elementor-button-text\">Volver<\/span>\n\t\t<\/span>\n\t\t\t\t\t<\/a>\n\t\t<\/div>\n\t\t\t\t<\/div>\n\t\t\t\t<\/div>\n\t\t\t\t\t<\/div>\n\t\t\t\t<\/div>\n\t\t\t\t\t<\/div>\n\t\t\t\t<\/div>\n\t\t<div class=\"elementor-element elementor-element-a038023 e-flex e-con-boxed e-con\" data-id=\"a038023\" data-element_type=\"container\" data-settings=\"{&quot;content_width&quot;:&quot;boxed&quot;}\">\n\t\t\t\t\t<div class=\"e-con-inner\">\n\t\t<div class=\"elementor-element elementor-element-489dbea e-flex e-con-boxed e-con\" data-id=\"489dbea\" data-element_type=\"container\" data-settings=\"{&quot;content_width&quot;:&quot;boxed&quot;}\">\n\t\t\t\t\t<div class=\"e-con-inner\">\n\t\t\t\t<div class=\"elementor-element elementor-element-8ae6acc elementor-widget elementor-widget-text-editor\" data-id=\"8ae6acc\" data-element_type=\"widget\" data-widget_type=\"text-editor.default\">\n\t\t\t\t<div class=\"elementor-widget-container\">\n\t\t\t<style>\/*! elementor - v3.14.0 - 26-06-2023 *\/\n.elementor-widget-text-editor.elementor-drop-cap-view-stacked .elementor-drop-cap{background-color:#69727d;color:#fff}.elementor-widget-text-editor.elementor-drop-cap-view-framed .elementor-drop-cap{color:#69727d;border:3px solid;background-color:transparent}.elementor-widget-text-editor:not(.elementor-drop-cap-view-default) .elementor-drop-cap{margin-top:8px}.elementor-widget-text-editor:not(.elementor-drop-cap-view-default) .elementor-drop-cap-letter{width:1em;height:1em}.elementor-widget-text-editor .elementor-drop-cap{float:left;text-align:center;line-height:1;font-size:50px}.elementor-widget-text-editor .elementor-drop-cap-letter{display:inline-block}<\/style>\t\t\t\t<p><strong>Sumario<\/strong><\/p><ul><li>Cookies usadas: <strong>Propias y de Terceros<\/strong><\/li><li>\u00bfSe usan para obtener estad\u00edsticas? <strong>S\u00ed, siendo la base legal nuestro inter\u00e9s leg\u00edtimo en realizar una mejor gesti\u00f3n del servicio.<\/strong><\/li><li>Servicios de terceros que instalan cookies a trav\u00e9s de esta web: <strong>Google Analytics, Doubleclick, Facebook, Pinterest y Hubspot.<\/strong><\/li><\/ul><p>\u00a0<\/p><p><strong>C\u00f3mo configurar y deshabilitar las cookies<\/strong><\/p><p>Puede permitir, bloquear o eliminar las cookies instaladas en su dispositivo desde su navegador web. Si usted no permite la instalaci\u00f3n de cookies en su dispositivo, puede que la experiencia de navegaci\u00f3n empeore. A continuaci\u00f3n puede encontrar c\u00f3mo configurar las cookies en cada navegador:<\/p><p>\u2013<a href=\"http:\/\/windows.microsoft.com\/es-es\/windows-10\/edge-privacy-faq\"> Edge<\/a><br \/>\u2013<a href=\"https:\/\/support.google.com\/chrome\/answer\/95647?hl=es\"> Google Chrome<\/a><br \/>\u2013<a href=\"https:\/\/support.google.com\/chrome\/answer\/114662?hl=es&amp;visit_id=1-636664625754483085-1648636281&amp;rd=1&amp;co=GENIE.Platform%3DAndroid&amp;oco=1\"> Google Android<\/a><br \/>\u2013<a href=\"https:\/\/support.microsoft.com\/es-es\/help\/17442\/windows-internet-explorer-delete-manage-cookies\"> Internet Explorer 8<\/a><br \/>\u2013<a href=\"https:\/\/support.microsoft.com\/es-es\/help\/278835\/how-to-delete-cookie-files-in-internet-explorer\"> Internet Explorer 9<\/a><br \/>\u2013<a href=\"https:\/\/support.microsoft.com\/es-es\/help\/17442\/windows-internet-explorer-delete-manage-cookies#ie=ie-10\"> Internet Explorer 11<\/a><br \/>\u2013<a href=\"https:\/\/support.mozilla.org\/es\/kb\/habilitar-y-deshabilitar-cookies-que-los-sitios-we\"> Mozilla Firefox<\/a><br \/>\u2013<a href=\"https:\/\/help.opera.com\/en\/latest\/web-preferences\/#cookies\"> Opera<\/a><br \/>\u2013<a href=\"https:\/\/support.apple.com\/kb\/ph21411?locale=es_ES\"> Safari<\/a><br \/>\u2013<a href=\"https:\/\/support.apple.com\/es-es\/HT201265\"> Safari Mobile<\/a><\/p><p>\u00a0<\/p><p><strong>1.- Tipos y usos<\/strong><\/p><p>El servicio usa cookies propias y de terceros para mejorar la navegaci\u00f3n, proporcionar el servicio y obtener estad\u00edsticas sobre el uso de la p\u00e1gina web.<\/p><p>\u00a0<\/p><p><strong>2.- \u00bfQu\u00e9 es una cookie y para qu\u00e9 sirve?<\/strong><\/p><p>Una cookie es un fichero de texto que se env\u00eda al navegador web de su ordenador, m\u00f3vil o tablet y que sirve para almacenar y recuperar informaci\u00f3n sobre la navegaci\u00f3n realizada. Por ejemplo, recordar su nombre de usuario y contrase\u00f1a o las preferencias de su perfil.<\/p><p>\u00a0<\/p><p><strong>3.- \u00bfQu\u00e9 tipos de cookies hay?<\/strong><\/p><p>Seg\u00fan qui\u00e9n las gestiona:<\/p><ul><li>Cookies propias; se env\u00edan a su navegador desde nuestros equipos o dominios web.<\/li><li>Cookies de terceros; se env\u00edan a su navegador desde un equipo o dominio web que no gestionamos nosotros directamente, sino una tercera entidad como por ejemplo Google.<\/li><\/ul><p>\u00a0<\/p><p>En funci\u00f3n del tiempo que est\u00e1n activas, hay:<\/p><ul><li>Cookies de sesi\u00f3n; permanecen en el archivo de cookies de su navegador hasta que abandona la p\u00e1gina web, de modo que ninguna queda en su dispositivo.<\/li><li>Cookies persistentes; permanecen en su dispositivo y nuestra web las lee cada vez que usted realiza una nueva visita. Estas cookies dejan de funcionar pasada una fecha concreta.<\/li><\/ul><p>\u00a0<\/p><p>Finalmente, y seg\u00fan su finalidad, tenemos:<\/p><ul><li>Cookies t\u00e9cnicas; mejoran la navegaci\u00f3n y el buen funcionamiento de la web.<\/li><li>Cookies de personalizaci\u00f3n; permiten acceder al servicio con unas caracter\u00edsticas predefinidas en funci\u00f3n de una serie de criterios.<\/li><li>Cookies de an\u00e1lisis; permiten medir y analizar estad\u00edsticamente el uso que se hace del servicio prestado.<\/li><\/ul><p>\u00a0<\/p><p>Cookies usadas por <strong>Baymonte<\/strong>:<\/p><figure class=\"wp-block-table\"><table><tbody><tr><td><strong>Nombre<\/strong><\/td><td><strong>Origen<\/strong><\/td><td><strong>Finalidad<\/strong><\/td><td><strong>Tipo<\/strong><\/td><td><strong>Caducidad<\/strong><\/td><\/tr><tr><td>__hssc<\/td><td>baymonte.es<\/td><td>Anal\u00edtica<\/td><td>Propia<\/td><td>Sesi\u00f3n<\/td><\/tr><tr><td>__hssrc<\/td><td>baymonte.es<\/td><td>Anal\u00edtica<\/td><td>Propia<\/td><td>Sesi\u00f3n<\/td><\/tr><tr><td>__hstc<\/td><td>baymonte.es<\/td><td>Anal\u00edtica<\/td><td>Propia<\/td><td>1 mes<\/td><\/tr><tr><td>_ga<\/td><td>baymonte.es<\/td><td>Anal\u00edtica (rendimiento)<\/td><td>Propia<\/td><td>2 a\u00f1os<\/td><\/tr><tr><td>_gat_gtag_UA_133498787_1<\/td><td>baymonte.es<\/td><td>Anal\u00edtica (funcionalidad)<\/td><td>Propia<\/td><td>Sesi\u00f3n<\/td><\/tr><tr><td>_gid<\/td><td>baymonte.es<\/td><td>Anal\u00edtica (funcionalidad)<\/td><td>Propia<\/td><td>1 d\u00eda<\/td><\/tr><tr><td>hubspotutk<\/td><td>baymonte.es<\/td><td>Anal\u00edtica<\/td><td>Propia<\/td><td>1 a\u00f1o y 1 mes<\/td><\/tr><tr><td>pll_language<\/td><td>baymonte.es<\/td><td>T\u00e9cnica (funcionalidad)<\/td><td>Propia<\/td><td>1 a\u00f1o<\/td><\/tr><tr><td>IDE<\/td><td>.doubleclick.net<\/td><td>Anal\u00edtica (publicidad)<\/td><td>Tercero<\/td><td>1 a\u00f1o y 1 mes<\/td><\/tr><tr><td>test_cookie<\/td><td>.doubleclick.net<\/td><td>T\u00e9cnica (Segmentaci\u00f3n\/publicidad)<\/td><td>Tercero<\/td><td>Sesi\u00f3n<\/td><\/tr><tr><td>__cfduid<\/td><td>.hsadspixel.net<\/td><td>Anal\u00edtica<\/td><td>Tercero<\/td><td>1 mes<\/td><\/tr><tr><td>__cfduid<\/td><td>.hscollectedforms.net<\/td><td>Anal\u00edtica<\/td><td>Tercero<\/td><td>1 mes<\/td><\/tr><tr><td>__cfduid<\/td><td>.blog.baymonte.es<\/td><td>Anal\u00edtica<\/td><td>Propia<\/td><td>1 mes<\/td><\/tr><tr><td>__cfduid<\/td><td>.bouth.mall com<\/td><td>Anal\u00edtica<\/td><td>Propia<\/td><td>Sesi\u00f3n<\/td><\/tr><tr><td>__cfduid<\/td><td>.designe rs.hubspot.com<\/td><td>Anal\u00edtica<\/td><td>Tercero<\/td><td>Sesi\u00f3n<\/td><\/tr><tr><td>fr<\/td><td>.facebook.com<\/td><td>Anal\u00edtica (Segmentaci\u00f3n\/publicidad)<\/td><td>Tercero<\/td><td>3 meses<\/td><\/tr><tr><td>_gcl_au<\/td><td>.baymonte.es<\/td><td>Anal\u00edtica (Segmentaci\u00f3n\/publicidad)<\/td><td>Propia<\/td><td>3 meses<\/td><\/tr><tr><td>locale<\/td><td>.baymonte.es<\/td><td>T\u00e9cnica (funcionalidad)<\/td><td>Propia<\/td><td>1 a\u00f1o<\/td><\/tr><tr><td>_fbp<\/td><td>.baymonte.es<\/td><td>Anal\u00edtica (Segmentaci\u00f3n\/publicidad)<\/td><td>Propia<\/td><td>3 meses<\/td><\/tr><tr><td>mallorca_south_west_session<\/td><td>.baymonte.es<\/td><td>T\u00e9cnica (funcionalidad)<\/td><td>Propia<\/td><td>Sesi\u00f3n<\/td><\/tr><tr><td>XSRF-TOKEN<\/td><td>.baymonte.es<\/td><td>Technical (security)<\/td><td>Propia<\/td><td>Sesi\u00f3n<\/td><\/tr><tr><td>mallorca_south_west_cookie_consent<\/td><td>.baymonte.es<\/td><td>T\u00e9cnica (funcionalidad)<\/td><td>Propia<\/td><td>20 a\u00f1os<\/td><\/tr><tr><td>_pin_unauth<\/td><td>.baymonte.es<\/td><td>Anal\u00edtica (Segmentaci\u00f3n\/publicidad)<\/td><td>Propia<\/td><td>1 a\u00f1o<\/td><\/tr><\/tbody><\/table><\/figure><p>\u00a0<\/p><p>Lista de cookies de tercero usadas por <strong>Baymonte:<\/strong><\/p><p><a href=\"https:\/\/developers.google.com\/analytics\/devguides\/collection\/analyticsjs\/cookie-usage\">Google Analytics<\/a>: Sus cookies (como por ejemplo _ga) permiten contabilizar las veces que un usuario visita una web, c\u00f3mo, cu\u00e1ndo y desde d\u00f3nde lo hace.<\/p><p>En cualquier caso, puedes inhabilitar las cookies de Google Analytics desde<a href=\"https:\/\/tools.google.com\/dlpage\/gaoptout\"> here.<\/a><\/p><p><a href=\"https:\/\/support.google.com\/dfp_premium\/answer\/2839090?hl=en\">Doubleclick<\/a>: Su cookie (IDE) permite mostrar contenidos ajustados a las preferencias del usuario.<\/p><p><a href=\"https:\/\/legal.hubspot.com\/cookie-policy\">Hubspot<\/a>: Su cookie (hubspotutk) se usa para hacer seguimiento de la identidad de un visitante.<\/p><p><a href=\"https:\/\/www.facebook.com\/policies\/cookies\/\">Facebook<\/a>: Sus cookies (como por ejemplo fr) facilitan compartir contenido en la plataforma o hacer Me Gusta en productos.<\/p><p><a href=\"https:\/\/policy.pinterest.com\/es\/cookies\">Pinterest<\/a>: Sus cookies (como por ejemplo _pin_unauth) se utilizan para realizar un seguimiento del uso de los servicios.<\/p>\t\t\t\t\t\t<\/div>\n\t\t\t\t<\/div>\n\t\t\t\t\t<\/div>\n\t\t\t\t<\/div>\n\t\t\t\t\t<\/div>\n\t\t\t\t<\/div>\n\t\t<div class=\"elementor-element elementor-element-5c87097 e-flex e-con-boxed e-con\" data-id=\"5c87097\" data-element_type=\"container\" data-settings=\"{&quot;background_background&quot;:&quot;classic&quot;,&quot;content_width&quot;:&quot;boxed&quot;}\">\n\t\t\t\t\t<div class=\"e-con-inner\">\n\t\t\t\t<div class=\"elementor-element elementor-element-26ccab0 elementor-nav-menu__align-center elementor-nav-menu--dropdown-none elementor-widget elementor-widget-nav-menu\" data-id=\"26ccab0\" data-element_type=\"widget\" data-settings=\"{&quot;layout&quot;:&quot;horizontal&quot;,&quot;submenu_icon&quot;:{&quot;value&quot;:&quot;&lt;i class=\\&quot;fas fa-caret-down\\&quot;&gt;&lt;\\\/i&gt;&quot;,&quot;library&quot;:&quot;fa-solid&quot;}}\" data-widget_type=\"nav-menu.default\">\n\t\t\t\t<div class=\"elementor-widget-container\">\n\t\t\t<link rel=\"stylesheet\" href=\"https:\/\/baymonte.es\/wp-content\/uploads\/elementor\/css\/custom-pro-widget-nav-menu.min.css?ver=1753958821\">\t\t\t<nav class=\"elementor-nav-menu--main elementor-nav-menu__container elementor-nav-menu--layout-horizontal e--pointer-none\">\n\t\t\t\t<ul id=\"menu-1-26ccab0\" class=\"elementor-nav-menu\"><li class=\"menu-item menu-item-type-custom menu-item-object-custom menu-item-400\"><a class=\"elementor-item\">2023 All Rights Reserved<\/a><\/li>\n<li class=\"menu-item menu-item-type-custom menu-item-object-custom menu-item-401\"><a class=\"elementor-item\">Engel Mallorca Invest S.L.<\/a><\/li>\n<li class=\"menu-item menu-item-type-post_type menu-item-object-page menu-item-399\"><a href=\"https:\/\/baymonte.es\/cookies-policy\/\" class=\"elementor-item\">Pol\u00edtica de cookies<\/a><\/li>\n<li class=\"menu-item menu-item-type-post_type menu-item-object-page menu-item-398\"><a rel=\"privacy-policy\" href=\"https:\/\/baymonte.es\/legal-notice\/\" class=\"elementor-item\">Aviso Legal<\/a><\/li>\n<\/ul>\t\t\t<\/nav>\n\t\t\t\t\t\t<nav class=\"elementor-nav-menu--dropdown elementor-nav-menu__container\" aria-hidden=\"true\">\n\t\t\t\t<ul id=\"menu-2-26ccab0\" class=\"elementor-nav-menu\"><li class=\"menu-item menu-item-type-custom menu-item-object-custom menu-item-400\"><a class=\"elementor-item\" tabindex=\"-1\">2023 All Rights Reserved<\/a><\/li>\n<li class=\"menu-item menu-item-type-custom menu-item-object-custom menu-item-401\"><a class=\"elementor-item\" tabindex=\"-1\">Engel Mallorca Invest S.L.<\/a><\/li>\n<li class=\"menu-item menu-item-type-post_type menu-item-object-page menu-item-399\"><a href=\"https:\/\/baymonte.es\/cookies-policy\/\" class=\"elementor-item\" tabindex=\"-1\">Pol\u00edtica de cookies<\/a><\/li>\n<li class=\"menu-item menu-item-type-post_type menu-item-object-page menu-item-398\"><a rel=\"privacy-policy\" href=\"https:\/\/baymonte.es\/legal-notice\/\" class=\"elementor-item\" tabindex=\"-1\">Aviso Legal<\/a><\/li>\n<\/ul>\t\t\t<\/nav>\n\t\t\t\t<\/div>\n\t\t\t\t<\/div>\n\t\t\t\t\t<\/div>\n\t\t\t\t<\/div>\n\t\t\t\t\t\t\t<\/div>\n\t\t","protected":false},"excerpt":{"rendered":"<p>\u00daltima actualizaci\u00f3n: 12 de Julio, 2021 Volver Sumario Cookies usadas: Propias y de Terceros \u00bfSe usan para obtener estad\u00edsticas? S\u00ed, siendo la base legal nuestro inter\u00e9s leg\u00edtimo en realizar una mejor gesti\u00f3n del servicio. Servicios de terceros que instalan cookies a trav\u00e9s de esta web: Google Analytics, Doubleclick, Facebook, Pinterest y Hubspot. \u00a0 C\u00f3mo configurar [&hellip;]<\/p>\n","protected":false},"author":2,"featured_media":0,"parent":0,"menu_order":0,"comment_status":"closed","ping_status":"closed","template":"elementor_canvas","meta":{"footnotes":""},"yoast_head":"<!-- This site is optimized with the Yoast SEO plugin v20.11 - https:\/\/yoast.com\/wordpress\/plugins\/seo\/ -->\n<title>Pol\u00edtica de cookies - Baymonte<\/title>\n<meta name=\"robots\" content=\"noindex, follow, max-snippet:-1, max-image-preview:large, max-video-preview:-1\" \/>\n<meta property=\"og:locale\" content=\"es_ES\" \/>\n<meta property=\"og:type\" content=\"article\" \/>\n<meta property=\"og:title\" content=\"Pol\u00edtica de cookies - Baymonte\" \/>\n<meta property=\"og:description\" content=\"\u00daltima actualizaci\u00f3n: 12 de Julio, 2021 Volver Sumario Cookies usadas: Propias y de Terceros \u00bfSe usan para obtener estad\u00edsticas? S\u00ed, siendo la base legal nuestro inter\u00e9s leg\u00edtimo en realizar una mejor gesti\u00f3n del servicio. Servicios de terceros que instalan cookies a trav\u00e9s de esta web: Google Analytics, Doubleclick, Facebook, Pinterest y Hubspot. \u00a0 C\u00f3mo configurar [&hellip;]\" \/>\n<meta property=\"og:url\" content=\"https:\/\/baymonte.es\/cookies-policy\/\" \/>\n<meta property=\"og:site_name\" content=\"Baymonte\" \/>\n<meta property=\"article:modified_time\" content=\"2023-07-11T12:23:40+00:00\" \/>\n<meta name=\"twitter:card\" content=\"summary_large_image\" \/>\n<meta name=\"twitter:label1\" content=\"Tiempo de lectura\" \/>\n\t<meta name=\"twitter:data1\" content=\"3 minutos\" \/>\n<script type=\"application\/ld+json\" class=\"yoast-schema-graph\">{\"@context\":\"https:\/\/schema.org\",\"@graph\":[{\"@type\":\"WebPage\",\"@id\":\"https:\/\/baymonte.es\/cookies-policy\/\",\"url\":\"https:\/\/baymonte.es\/cookies-policy\/\",\"name\":\"Pol\u00edtica de cookies - Baymonte\",\"isPartOf\":{\"@id\":\"https:\/\/baymonte.es\/#website\"},\"datePublished\":\"2023-06-28T12:38:11+00:00\",\"dateModified\":\"2023-07-11T12:23:40+00:00\",\"breadcrumb\":{\"@id\":\"https:\/\/baymonte.es\/cookies-policy\/#breadcrumb\"},\"inLanguage\":\"es\",\"potentialAction\":[{\"@type\":\"ReadAction\",\"target\":[\"https:\/\/baymonte.es\/cookies-policy\/\"]}]},{\"@type\":\"BreadcrumbList\",\"@id\":\"https:\/\/baymonte.es\/cookies-policy\/#breadcrumb\",\"itemListElement\":[{\"@type\":\"ListItem\",\"position\":1,\"name\":\"Home\",\"item\":\"https:\/\/baymonte.es\/es\/\"},{\"@type\":\"ListItem\",\"position\":2,\"name\":\"Pol\u00edtica de cookies\"}]},{\"@type\":\"WebSite\",\"@id\":\"https:\/\/baymonte.es\/#website\",\"url\":\"https:\/\/baymonte.es\/\",\"name\":\"Baymonte\",\"description\":\"\",\"potentialAction\":[{\"@type\":\"SearchAction\",\"target\":{\"@type\":\"EntryPoint\",\"urlTemplate\":\"https:\/\/baymonte.es\/?s={search_term_string}\"},\"query-input\":\"required name=search_term_string\"}],\"inLanguage\":\"es\"}]}<\/script>\n<!-- \/ Yoast SEO plugin. -->","yoast_head_json":{"title":"Pol\u00edtica de cookies - Baymonte","robots":{"index":"noindex","follow":"follow","max-snippet":"max-snippet:-1","max-image-preview":"max-image-preview:large","max-video-preview":"max-video-preview:-1"},"og_locale":"es_ES","og_type":"article","og_title":"Pol\u00edtica de cookies - Baymonte","og_description":"\u00daltima actualizaci\u00f3n: 12 de Julio, 2021 Volver Sumario Cookies usadas: Propias y de Terceros \u00bfSe usan para obtener estad\u00edsticas? S\u00ed, siendo la base legal nuestro inter\u00e9s leg\u00edtimo en realizar una mejor gesti\u00f3n del servicio. Servicios de terceros que instalan cookies a trav\u00e9s de esta web: Google Analytics, Doubleclick, Facebook, Pinterest y Hubspot. \u00a0 C\u00f3mo configurar [&hellip;]","og_url":"https:\/\/baymonte.es\/cookies-policy\/","og_site_name":"Baymonte","article_modified_time":"2023-07-11T12:23:40+00:00","twitter_card":"summary_large_image","twitter_misc":{"Tiempo de lectura":"3 minutos"},"schema":{"@context":"https:\/\/schema.org","@graph":[{"@type":"WebPage","@id":"https:\/\/baymonte.es\/cookies-policy\/","url":"https:\/\/baymonte.es\/cookies-policy\/","name":"Pol\u00edtica de cookies - Baymonte","isPartOf":{"@id":"https:\/\/baymonte.es\/#website"},"datePublished":"2023-06-28T12:38:11+00:00","dateModified":"2023-07-11T12:23:40+00:00","breadcrumb":{"@id":"https:\/\/baymonte.es\/cookies-policy\/#breadcrumb"},"inLanguage":"es","potentialAction":[{"@type":"ReadAction","target":["https:\/\/baymonte.es\/cookies-policy\/"]}]},{"@type":"BreadcrumbList","@id":"https:\/\/baymonte.es\/cookies-policy\/#breadcrumb","itemListElement":[{"@type":"ListItem","position":1,"name":"Home","item":"https:\/\/baymonte.es\/es\/"},{"@type":"ListItem","position":2,"name":"Pol\u00edtica de cookies"}]},{"@type":"WebSite","@id":"https:\/\/baymonte.es\/#website","url":"https:\/\/baymonte.es\/","name":"Baymonte","description":"","potentialAction":[{"@type":"SearchAction","target":{"@type":"EntryPoint","urlTemplate":"https:\/\/baymonte.es\/?s={search_term_string}"},"query-input":"required name=search_term_string"}],"inLanguage":"es"}]}},"_links":{"self":[{"href":"https:\/\/baymonte.es\/es\/wp-json\/wp\/v2\/pages\/764"}],"collection":[{"href":"https:\/\/baymonte.es\/es\/wp-json\/wp\/v2\/pages"}],"about":[{"href":"https:\/\/baymonte.es\/es\/wp-json\/wp\/v2\/types\/page"}],"author":[{"embeddable":true,"href":"https:\/\/baymonte.es\/es\/wp-json\/wp\/v2\/users\/2"}],"replies":[{"embeddable":true,"href":"https:\/\/baymonte.es\/es\/wp-json\/wp\/v2\/comments?post=764"}],"version-history":[{"count":4,"href":"https:\/\/baymonte.es\/es\/wp-json\/wp\/v2\/pages\/764\/revisions"}],"predecessor-version":[{"id":784,"href":"https:\/\/baymonte.es\/es\/wp-json\/wp\/v2\/pages\/764\/revisions\/784"}],"wp:attachment":[{"href":"https:\/\/baymonte.es\/es\/wp-json\/wp\/v2\/media?parent=764"}],"curies":[{"name":"wp","href":"https:\/\/api.w.org\/{rel}","templated":true}]}}