{"id":763,"date":"2023-06-28T12:38:11","date_gmt":"2023-06-28T12:38:11","guid":{"rendered":"https:\/\/baymonte.es\/cookies-policy\/"},"modified":"2023-07-11T12:25:31","modified_gmt":"2023-07-11T12:25:31","slug":"cookie-richtlinie","status":"publish","type":"page","link":"https:\/\/baymonte.es\/de\/cookie-richtlinie\/","title":{"rendered":"Cookie-Richtlinie"},"content":{"rendered":"\t\t<div data-elementor-type=\"wp-page\" data-elementor-id=\"763\" class=\"elementor elementor-763 elementor-184\" data-elementor-post-type=\"page\">\n\t\t\t\t\t\t\t<div class=\"elementor-element elementor-element-4e772c3 e-flex e-con-boxed e-con\" data-id=\"4e772c3\" data-element_type=\"container\" data-settings=\"{&quot;background_background&quot;:&quot;classic&quot;,&quot;content_width&quot;:&quot;boxed&quot;}\">\n\t\t\t\t\t<div class=\"e-con-inner\">\n\t\t<div class=\"elementor-element elementor-element-ba3766a e-flex e-con-boxed e-con\" data-id=\"ba3766a\" data-element_type=\"container\" data-settings=\"{&quot;content_width&quot;:&quot;boxed&quot;}\">\n\t\t\t\t\t<div class=\"e-con-inner\">\n\t\t\t\t<div class=\"elementor-element elementor-element-af546cb elementor-widget elementor-widget-heading\" data-id=\"af546cb\" data-element_type=\"widget\" data-widget_type=\"heading.default\">\n\t\t\t\t<div class=\"elementor-widget-container\">\n\t\t\t<style>\/*! elementor - v3.14.0 - 26-06-2023 *\/\n.elementor-heading-title{padding:0;margin:0;line-height:1}.elementor-widget-heading .elementor-heading-title[class*=elementor-size-]>a{color:inherit;font-size:inherit;line-height:inherit}.elementor-widget-heading .elementor-heading-title.elementor-size-small{font-size:15px}.elementor-widget-heading .elementor-heading-title.elementor-size-medium{font-size:19px}.elementor-widget-heading .elementor-heading-title.elementor-size-large{font-size:29px}.elementor-widget-heading .elementor-heading-title.elementor-size-xl{font-size:39px}.elementor-widget-heading .elementor-heading-title.elementor-size-xxl{font-size:59px}<\/style><h1 class=\"elementor-heading-title elementor-size-default\">Cookie-Richtlinie<\/h1>\t\t<\/div>\n\t\t\t\t<\/div>\n\t\t\t\t<div class=\"elementor-element elementor-element-2e49287 elementor-widget elementor-widget-heading\" data-id=\"2e49287\" data-element_type=\"widget\" data-widget_type=\"heading.default\">\n\t\t\t\t<div class=\"elementor-widget-container\">\n\t\t\t<h4 class=\"elementor-heading-title elementor-size-default\">Last update: July 12nd, 2021<\/h4>\t\t<\/div>\n\t\t\t\t<\/div>\n\t\t\t\t\t<\/div>\n\t\t\t\t<\/div>\n\t\t<div class=\"elementor-element elementor-element-e45f84c e-flex e-con-boxed e-con\" data-id=\"e45f84c\" data-element_type=\"container\" data-settings=\"{&quot;content_width&quot;:&quot;boxed&quot;}\">\n\t\t\t\t\t<div class=\"e-con-inner\">\n\t\t\t\t<div class=\"elementor-element elementor-element-af9cf2c elementor-widget__width-auto elementor-widget elementor-widget-button\" data-id=\"af9cf2c\" data-element_type=\"widget\" data-widget_type=\"button.default\">\n\t\t\t\t<div class=\"elementor-widget-container\">\n\t\t\t\t\t<div class=\"elementor-button-wrapper\">\n\t\t\t<a class=\"elementor-button elementor-button-link elementor-size-md\" href=\"https:\/\/baymonte.es\/private\/\">\n\t\t\t\t\t\t<span class=\"elementor-button-content-wrapper\">\n\t\t\t\t\t\t<span class=\"elementor-button-icon elementor-align-icon-left\">\n\t\t\t\t<i aria-hidden=\"true\" class=\"fas fa-arrow-left\"><\/i>\t\t\t<\/span>\n\t\t\t\t\t\t<span class=\"elementor-button-text\">Back<\/span>\n\t\t<\/span>\n\t\t\t\t\t<\/a>\n\t\t<\/div>\n\t\t\t\t<\/div>\n\t\t\t\t<\/div>\n\t\t\t\t\t<\/div>\n\t\t\t\t<\/div>\n\t\t\t\t\t<\/div>\n\t\t\t\t<\/div>\n\t\t<div class=\"elementor-element elementor-element-a038023 e-flex e-con-boxed e-con\" data-id=\"a038023\" data-element_type=\"container\" data-settings=\"{&quot;content_width&quot;:&quot;boxed&quot;}\">\n\t\t\t\t\t<div class=\"e-con-inner\">\n\t\t<div class=\"elementor-element elementor-element-489dbea e-flex e-con-boxed e-con\" data-id=\"489dbea\" data-element_type=\"container\" data-settings=\"{&quot;content_width&quot;:&quot;boxed&quot;}\">\n\t\t\t\t\t<div class=\"e-con-inner\">\n\t\t\t\t<div class=\"elementor-element elementor-element-8ae6acc elementor-widget elementor-widget-text-editor\" data-id=\"8ae6acc\" data-element_type=\"widget\" data-widget_type=\"text-editor.default\">\n\t\t\t\t<div class=\"elementor-widget-container\">\n\t\t\t<style>\/*! elementor - v3.14.0 - 26-06-2023 *\/\n.elementor-widget-text-editor.elementor-drop-cap-view-stacked .elementor-drop-cap{background-color:#69727d;color:#fff}.elementor-widget-text-editor.elementor-drop-cap-view-framed .elementor-drop-cap{color:#69727d;border:3px solid;background-color:transparent}.elementor-widget-text-editor:not(.elementor-drop-cap-view-default) .elementor-drop-cap{margin-top:8px}.elementor-widget-text-editor:not(.elementor-drop-cap-view-default) .elementor-drop-cap-letter{width:1em;height:1em}.elementor-widget-text-editor .elementor-drop-cap{float:left;text-align:center;line-height:1;font-size:50px}.elementor-widget-text-editor .elementor-drop-cap-letter{display:inline-block}<\/style>\t\t\t\t<p><strong>Zusammenfassung<\/strong><\/p><ul><li>Verwendete Cookies: <strong>Eigene und von Drittanbietern<\/strong><\/li><li>Werden sie verwendet, um Statistiken zu erhalten? <strong>Ja, die Rechtsgrundlage ist unser legitimes Interesse an einer besseren Dienstverwaltung.<\/strong><\/li><li>Dienste von Drittanbietern, die Cookies \u00fcber diese Webseite installieren: <strong>Google Analytics, Doubleclick, Facebook, Pinterest y Hubspot.<\/strong><\/li><\/ul><p>\u00a0<\/p><p><strong>Wie man Cookies konfiguriert und deaktiviert<\/strong><\/p><p>Sie k\u00f6nnen die auf Ihrem Ger\u00e4t installierten Cookies \u00fcber Ihren Webbrowser zulassen, blockieren oder l\u00f6schen. Wenn Sie die Installation von Cookies auf Ihrem Ger\u00e4t nicht zulassen, kann sich das Browsen schlechter gestalten. Nachstehend erfahren Sie, wie Sie in jedem Browser Cookies setzen k\u00f6nnen:<\/p><p>\u2013<a href=\"http:\/\/windows.microsoft.com\/es-es\/windows-10\/edge-privacy-faq\"> Edge<\/a><br \/>\u2013<a href=\"https:\/\/support.google.com\/chrome\/answer\/95647?hl=es\"> Google Chrome<\/a><br \/>\u2013<a href=\"https:\/\/support.google.com\/chrome\/answer\/114662?hl=es&amp;visit_id=1-636664625754483085-1648636281&amp;rd=1&amp;co=GENIE.Platform%3DAndroid&amp;oco=1\"> Google Android<\/a><br \/>\u2013<a href=\"https:\/\/support.microsoft.com\/es-es\/help\/17442\/windows-internet-explorer-delete-manage-cookies\"> Internet Explorer 8<\/a><br \/>\u2013<a href=\"https:\/\/support.microsoft.com\/es-es\/help\/278835\/how-to-delete-cookie-files-in-internet-explorer\"> Internet Explorer 9<\/a><br \/>\u2013<a href=\"https:\/\/support.microsoft.com\/es-es\/help\/17442\/windows-internet-explorer-delete-manage-cookies#ie=ie-10\"> Internet Explorer 11<\/a><br \/>\u2013<a href=\"https:\/\/support.mozilla.org\/es\/kb\/habilitar-y-deshabilitar-cookies-que-los-sitios-we\"> Mozilla Firefox<\/a><br \/>\u2013<a href=\"https:\/\/help.opera.com\/en\/latest\/web-preferences\/#cookies\"> Opera<\/a><br \/>\u2013<a href=\"https:\/\/support.apple.com\/kb\/ph21411?locale=es_ES\"> Safari<\/a><br \/>\u2013<a href=\"https:\/\/support.apple.com\/es-es\/HT201265\"> Safari Mobile<\/a><\/p><p>\u00a0<\/p><p><strong>1.- Typen und Verwendungen<\/strong><\/p><p>Der Dienst verwendet eigene und fremde Cookies, um die Navigation zu verbessern, den Dienst anzubieten und Statistiken \u00fcber die Nutzung der Website zu erhalten.<\/p><p>\u00a0<\/p><p><strong>2.- Was ist ein Cookie und wozu dient er?<\/strong><\/p><p>Ein Cookie ist eine Textdatei, die an den Webbrowser Ihres Computers, Mobiltelefons oder Tablets gesendet wird und die dazu dient, Informationen \u00fcber die durchgef\u00fchrte Navigation zu speichern und abzurufen. Beispielsweise merkt sich ein Cookie Ihren Benutzernamen und Ihr Passwort oder Ihre Profilpr\u00e4ferenzen.<\/p><p>\u00a0<\/p><p><strong>3.- Welche Arten von Cookies gibt es?<\/strong><\/p><p>Je nachdem, wer diese verwaltet:<\/p><ul><li>Eigene Cookies; sie werden von unseren Computern oder Webdom\u00e4nen an Ihren Browser gesendet.<\/li><li>Cookies von Dritten; sie werden von einem Computer oder einer Webdom\u00e4ne, die nicht direkt von uns, sondern von einem Dritten wie Google verwaltet wird, an Ihren Browser gesendet.<\/li><\/ul><p>\u00a0<\/p><p>Je nachdem, wie lange sie aktiv sind, gibt es Folgende:<\/p><ul><li>Session-Cookies; sie verbleiben in der Cookie-Datei Ihres Browsers, bis Sie die Webseite verlassen, so dass keine auf Ihrem Ger\u00e4t verbleiben.<\/li><li>Dauerhafte Cookies; sie verbleiben auf Ihrem Ger\u00e4t und unsere Webseite liest sie bei jedem erneuten Besuch. Diese Cookies funktionieren ab einem bestimmten Datum nicht mehr.<\/li><\/ul><p>\u00a0<\/p><p>Und zuletzt, entsprechend ihrem Zweck, haben wir:<\/p><ul><li>Technische Cookies; sie verbessern die Navigation und die korrekte Funktionsf\u00e4higkeit der Webseite.<\/li><li>Personalisierungs-Cookies; sie erm\u00f6glichen den Zugang zu einem bestimmten Dienst mit vordefinierten Merkmalen gem\u00e4\u00df einer Reihe von Kriterien.<\/li><li>Analyse-Cookies; sie erm\u00f6glichen die Nutzung der erbrachten Dienstleistung zu messen und statistisch zu analysieren.<\/li><\/ul><p>\u00a0<\/p><p>Von <strong>Baymonte<\/strong> verwendete Cookies:<\/p><figure class=\"wp-block-table\"><table><tbody><tr><td><strong>Name<\/strong><\/td><td><strong>Anbieter<\/strong><\/td><td><strong>Zweck<\/strong><\/td><td><strong>Typ<\/strong><\/td><td><strong>Ablauf<\/strong><\/td><\/tr><tr><td>__hssc<\/td><td>baymonte.es<\/td><td>Analytisch<\/td><td>Eigene<\/td><td>Sitzung<\/td><\/tr><tr><td>__hssrc<\/td><td>baymonte.es<\/td><td>Analytisch<\/td><td>Eigene<\/td><td>Sitzung<\/td><\/tr><tr><td>__hstc<\/td><td>baymonte.es<\/td><td>Analytisch<\/td><td>Eigene<\/td><td>1 Monat<\/td><\/tr><tr><td>_ga<\/td><td>baymonte.es<\/td><td>Analytisch (Leistung)<\/td><td>Eigene<\/td><td>2 Jahre<\/td><\/tr><tr><td>_gat_gtag_UA_133498787_1<\/td><td>baymonte.es<\/td><td>Analytisch (Leistung)<\/td><td>Eigene<\/td><td>Sitzung<\/td><\/tr><tr><td>_gid<\/td><td>baymonte.es<\/td><td>Analytisch (Funktionalit\u00e4t)<\/td><td>Eigene<\/td><td>1 Tag<\/td><\/tr><tr><td>hubspotutk<\/td><td>baymonte.es<\/td><td>Analytisch<\/td><td>Eigene<\/td><td>1 Jahr und 1 Monat<\/td><\/tr><tr><td>pll_language<\/td><td>baymonte.es<\/td><td>Technische (Funktionalit\u00e4t)<\/td><td>Eigene<\/td><td>1 Jahr<\/td><\/tr><tr><td>IDE<\/td><td>.doubleclick.net<\/td><td>Analytisch (Werbung)<\/td><td>Drittanbieter<\/td><td>1 Jahr und 1 Monat<\/td><\/tr><tr><td>test_cookie<\/td><td>.doubleclick.net<\/td><td>Technische (Segmentierung \/ Werbung)<\/td><td>Drittanbieter<\/td><td>Sitzung<\/td><\/tr><tr><td>__cfduid<\/td><td>.hsadspixel.net<\/td><td>Analytisch<\/td><td>Drittanbieter<\/td><td>1 Monat<\/td><\/tr><tr><td>__cfduid<\/td><td>.hscollectedforms.net<\/td><td>Analytisch<\/td><td>Drittanbieter<\/td><td>1 Monat<\/td><\/tr><tr><td>__cfduid<\/td><td>.blog.baymonte.es<\/td><td>Analytisch<\/td><td>Eigene<\/td><td>1 Monat<\/td><\/tr><tr><td>__cfduid<\/td><td>.bouth.mall com<\/td><td>Analytisch<\/td><td>Eigene<\/td><td>Sitzung<\/td><\/tr><tr><td>__cfduid<\/td><td>.designe rs.hubspot.com<\/td><td>Analytisch<\/td><td>Drittanbieter<\/td><td>Sitzung<\/td><\/tr><tr><td>fr<\/td><td>.facebook.com<\/td><td>Analytisch (Segmentierung \/ Werbung)<\/td><td>Drittanbieter<\/td><td>3 Monate<\/td><\/tr><tr><td>_gcl_au<\/td><td>.baymonte.es<\/td><td>Analytisch (Segmentierung \/ Werbung)<\/td><td>Eigene<\/td><td>3 Monate<\/td><\/tr><tr><td>locale<\/td><td>.baymonte.es<\/td><td>Technische (Funktionalit\u00e4t)<\/td><td>Eigene<\/td><td>1 Jahr<\/td><\/tr><tr><td>_fbp<\/td><td>.baymonte.es<\/td><td>Analytisch (Segmentierung \/ Werbung)<\/td><td>Eigene<\/td><td>3 Monate<\/td><\/tr><tr><td>mallorca_south_west_session<\/td><td>.baymonte.es<\/td><td>Technische (Funktionalit\u00e4t)<\/td><td>Eigene<\/td><td>Sitzung<\/td><\/tr><tr><td>XSRF-TOKEN<\/td><td>.baymonte.es<\/td><td>Technische<\/td><td>Eigene<\/td><td>Sitzung<\/td><\/tr><tr><td>mallorca_south_west_cookie_consent<\/td><td>.baymonte.es<\/td><td>Technische (Funktionalit\u00e4t)<\/td><td>Eigene<\/td><td>20 jahre<\/td><\/tr><tr><td>_pin_unauth<\/td><td>.baymonte.es<\/td><td>Analytisch (Segmentierung \/ Werbung)<\/td><td>Eigene<\/td><td>1 Jahr<\/td><\/tr><\/tbody><\/table><\/figure><p>\u00a0<\/p><p>Liste der von <strong>Baymonte<\/strong> verwendeten Cookies von Drittanbietern:<\/p><p><a href=\"https:\/\/developers.google.com\/analytics\/devguides\/collection\/analyticsjs\/cookie-usage\">Google Analytics<\/a>: Ihre Cookies (wie z.B. _ga) erm\u00f6glichen es uns zu z\u00e4hlen, wie oft ein Benutzer eine Webseite wie, wann und von wo aus besucht.<\/p><p>In jedem Fall k\u00f6nnen Sie die Google Analytics-Cookies von <a href=\"https:\/\/tools.google.com\/dlpage\/gaoptout\">hier<\/a> aus deaktivieren.<\/p><p><a href=\"https:\/\/support.google.com\/dfp_premium\/answer\/2839090?hl=en\">Doubleclick<\/a>: Ihr Cookie (IDE) erlaubt es, den Inhalt an die Pr\u00e4ferenzen des Benutzers anzupassen.<\/p><p><a href=\"https:\/\/legal.hubspot.com\/cookie-policy\">Hubspot<\/a>: Ihr Cookie (hubspotutk) wird verwendet, um die Identit\u00e4t eines Besuchers zu verfolgen.<\/p><p><a href=\"https:\/\/www.facebook.com\/policies\/cookies\/\">Facebook<\/a>: Ihre Cookies (wie z.B. fr) erleichtern es Inhalte auf der Plattform zu teilen oder Produkte zu liken.<\/p><p><a href=\"https:\/\/policy.pinterest.com\/es\/cookies\">Pinterest<\/a>: Ihre Cookies (wie _pin_unauth) werden verwendet, um die Nutzung von Diensten zu verfolgen.<\/p>\t\t\t\t\t\t<\/div>\n\t\t\t\t<\/div>\n\t\t\t\t\t<\/div>\n\t\t\t\t<\/div>\n\t\t\t\t\t<\/div>\n\t\t\t\t<\/div>\n\t\t<div class=\"elementor-element elementor-element-5c87097 e-flex e-con-boxed e-con\" data-id=\"5c87097\" data-element_type=\"container\" data-settings=\"{&quot;background_background&quot;:&quot;classic&quot;,&quot;content_width&quot;:&quot;boxed&quot;}\">\n\t\t\t\t\t<div class=\"e-con-inner\">\n\t\t\t\t<div class=\"elementor-element elementor-element-26ccab0 elementor-nav-menu__align-center elementor-nav-menu--dropdown-none elementor-widget elementor-widget-nav-menu\" data-id=\"26ccab0\" data-element_type=\"widget\" data-settings=\"{&quot;layout&quot;:&quot;horizontal&quot;,&quot;submenu_icon&quot;:{&quot;value&quot;:&quot;&lt;i class=\\&quot;fas fa-caret-down\\&quot;&gt;&lt;\\\/i&gt;&quot;,&quot;library&quot;:&quot;fa-solid&quot;}}\" data-widget_type=\"nav-menu.default\">\n\t\t\t\t<div class=\"elementor-widget-container\">\n\t\t\t<link rel=\"stylesheet\" href=\"https:\/\/baymonte.es\/wp-content\/uploads\/elementor\/css\/custom-pro-widget-nav-menu.min.css?ver=1753958821\">\t\t\t<nav class=\"elementor-nav-menu--main elementor-nav-menu__container elementor-nav-menu--layout-horizontal e--pointer-none\">\n\t\t\t\t<ul id=\"menu-1-26ccab0\" class=\"elementor-nav-menu\"><li class=\"menu-item menu-item-type-custom menu-item-object-custom menu-item-400\"><a class=\"elementor-item\">2023 All Rights Reserved<\/a><\/li>\n<li class=\"menu-item menu-item-type-custom menu-item-object-custom menu-item-401\"><a class=\"elementor-item\">Engel Mallorca Invest S.L.<\/a><\/li>\n<li class=\"menu-item menu-item-type-post_type menu-item-object-page menu-item-399\"><a href=\"https:\/\/baymonte.es\/cookies-policy\/\" class=\"elementor-item\">Cookie-Richtlinie<\/a><\/li>\n<li class=\"menu-item menu-item-type-post_type menu-item-object-page menu-item-398\"><a rel=\"privacy-policy\" href=\"https:\/\/baymonte.es\/legal-notice\/\" class=\"elementor-item\">Impressum<\/a><\/li>\n<\/ul>\t\t\t<\/nav>\n\t\t\t\t\t\t<nav class=\"elementor-nav-menu--dropdown elementor-nav-menu__container\" aria-hidden=\"true\">\n\t\t\t\t<ul id=\"menu-2-26ccab0\" class=\"elementor-nav-menu\"><li class=\"menu-item menu-item-type-custom menu-item-object-custom menu-item-400\"><a class=\"elementor-item\" tabindex=\"-1\">2023 All Rights Reserved<\/a><\/li>\n<li class=\"menu-item menu-item-type-custom menu-item-object-custom menu-item-401\"><a class=\"elementor-item\" tabindex=\"-1\">Engel Mallorca Invest S.L.<\/a><\/li>\n<li class=\"menu-item menu-item-type-post_type menu-item-object-page menu-item-399\"><a href=\"https:\/\/baymonte.es\/cookies-policy\/\" class=\"elementor-item\" tabindex=\"-1\">Cookie-Richtlinie<\/a><\/li>\n<li class=\"menu-item menu-item-type-post_type menu-item-object-page menu-item-398\"><a rel=\"privacy-policy\" href=\"https:\/\/baymonte.es\/legal-notice\/\" class=\"elementor-item\" tabindex=\"-1\">Impressum<\/a><\/li>\n<\/ul>\t\t\t<\/nav>\n\t\t\t\t<\/div>\n\t\t\t\t<\/div>\n\t\t\t\t\t<\/div>\n\t\t\t\t<\/div>\n\t\t\t\t\t\t\t<\/div>\n\t\t","protected":false},"excerpt":{"rendered":"<p>Last update: July 12nd, 2021 Back Zusammenfassung Verwendete Cookies: Eigene und von Drittanbietern Werden sie verwendet, um Statistiken zu erhalten? Ja, die Rechtsgrundlage ist unser legitimes Interesse an einer besseren Dienstverwaltung. Dienste von Drittanbietern, die Cookies \u00fcber diese Webseite installieren: Google Analytics, Doubleclick, Facebook, Pinterest y Hubspot. \u00a0 Wie man Cookies konfiguriert und deaktiviert Sie [&hellip;]<\/p>\n","protected":false},"author":2,"featured_media":0,"parent":0,"menu_order":0,"comment_status":"closed","ping_status":"closed","template":"elementor_canvas","meta":{"footnotes":""},"yoast_head":"<!-- This site is optimized with the Yoast SEO plugin v20.11 - https:\/\/yoast.com\/wordpress\/plugins\/seo\/ -->\n<title>Cookie-Richtlinie - Baymonte<\/title>\n<meta name=\"robots\" content=\"noindex, follow, max-snippet:-1, max-image-preview:large, max-video-preview:-1\" \/>\n<meta property=\"og:locale\" content=\"de_DE\" \/>\n<meta property=\"og:type\" content=\"article\" \/>\n<meta property=\"og:title\" content=\"Cookie-Richtlinie - Baymonte\" \/>\n<meta property=\"og:description\" content=\"Last update: July 12nd, 2021 Back Zusammenfassung Verwendete Cookies: Eigene und von Drittanbietern Werden sie verwendet, um Statistiken zu erhalten? Ja, die Rechtsgrundlage ist unser legitimes Interesse an einer besseren Dienstverwaltung. Dienste von Drittanbietern, die Cookies \u00fcber diese Webseite installieren: Google Analytics, Doubleclick, Facebook, Pinterest y Hubspot. \u00a0 Wie man Cookies konfiguriert und deaktiviert Sie [&hellip;]\" \/>\n<meta property=\"og:url\" content=\"https:\/\/baymonte.es\/cookies-policy\/\" \/>\n<meta property=\"og:site_name\" content=\"Baymonte\" \/>\n<meta property=\"article:modified_time\" content=\"2023-07-11T12:25:31+00:00\" \/>\n<meta name=\"twitter:card\" content=\"summary_large_image\" \/>\n<meta name=\"twitter:label1\" content=\"Gesch\u00e4tzte Lesezeit\" \/>\n\t<meta name=\"twitter:data1\" content=\"3 Minuten\" \/>\n<script type=\"application\/ld+json\" class=\"yoast-schema-graph\">{\"@context\":\"https:\/\/schema.org\",\"@graph\":[{\"@type\":\"WebPage\",\"@id\":\"https:\/\/baymonte.es\/cookies-policy\/\",\"url\":\"https:\/\/baymonte.es\/cookies-policy\/\",\"name\":\"Cookie-Richtlinie - Baymonte\",\"isPartOf\":{\"@id\":\"https:\/\/baymonte.es\/#website\"},\"datePublished\":\"2023-06-28T12:38:11+00:00\",\"dateModified\":\"2023-07-11T12:25:31+00:00\",\"breadcrumb\":{\"@id\":\"https:\/\/baymonte.es\/cookies-policy\/#breadcrumb\"},\"inLanguage\":\"de-DE\",\"potentialAction\":[{\"@type\":\"ReadAction\",\"target\":[\"https:\/\/baymonte.es\/cookies-policy\/\"]}]},{\"@type\":\"BreadcrumbList\",\"@id\":\"https:\/\/baymonte.es\/cookies-policy\/#breadcrumb\",\"itemListElement\":[{\"@type\":\"ListItem\",\"position\":1,\"name\":\"Home\",\"item\":\"https:\/\/baymonte.es\/es\/\"},{\"@type\":\"ListItem\",\"position\":2,\"name\":\"Cookie-Richtlinie\"}]},{\"@type\":\"WebSite\",\"@id\":\"https:\/\/baymonte.es\/#website\",\"url\":\"https:\/\/baymonte.es\/\",\"name\":\"Baymonte\",\"description\":\"\",\"potentialAction\":[{\"@type\":\"SearchAction\",\"target\":{\"@type\":\"EntryPoint\",\"urlTemplate\":\"https:\/\/baymonte.es\/?s={search_term_string}\"},\"query-input\":\"required name=search_term_string\"}],\"inLanguage\":\"de-DE\"}]}<\/script>\n<!-- \/ Yoast SEO plugin. -->","yoast_head_json":{"title":"Cookie-Richtlinie - Baymonte","robots":{"index":"noindex","follow":"follow","max-snippet":"max-snippet:-1","max-image-preview":"max-image-preview:large","max-video-preview":"max-video-preview:-1"},"og_locale":"de_DE","og_type":"article","og_title":"Cookie-Richtlinie - Baymonte","og_description":"Last update: July 12nd, 2021 Back Zusammenfassung Verwendete Cookies: Eigene und von Drittanbietern Werden sie verwendet, um Statistiken zu erhalten? Ja, die Rechtsgrundlage ist unser legitimes Interesse an einer besseren Dienstverwaltung. Dienste von Drittanbietern, die Cookies \u00fcber diese Webseite installieren: Google Analytics, Doubleclick, Facebook, Pinterest y Hubspot. \u00a0 Wie man Cookies konfiguriert und deaktiviert Sie [&hellip;]","og_url":"https:\/\/baymonte.es\/cookies-policy\/","og_site_name":"Baymonte","article_modified_time":"2023-07-11T12:25:31+00:00","twitter_card":"summary_large_image","twitter_misc":{"Gesch\u00e4tzte Lesezeit":"3 Minuten"},"schema":{"@context":"https:\/\/schema.org","@graph":[{"@type":"WebPage","@id":"https:\/\/baymonte.es\/cookies-policy\/","url":"https:\/\/baymonte.es\/cookies-policy\/","name":"Cookie-Richtlinie - Baymonte","isPartOf":{"@id":"https:\/\/baymonte.es\/#website"},"datePublished":"2023-06-28T12:38:11+00:00","dateModified":"2023-07-11T12:25:31+00:00","breadcrumb":{"@id":"https:\/\/baymonte.es\/cookies-policy\/#breadcrumb"},"inLanguage":"de-DE","potentialAction":[{"@type":"ReadAction","target":["https:\/\/baymonte.es\/cookies-policy\/"]}]},{"@type":"BreadcrumbList","@id":"https:\/\/baymonte.es\/cookies-policy\/#breadcrumb","itemListElement":[{"@type":"ListItem","position":1,"name":"Home","item":"https:\/\/baymonte.es\/es\/"},{"@type":"ListItem","position":2,"name":"Cookie-Richtlinie"}]},{"@type":"WebSite","@id":"https:\/\/baymonte.es\/#website","url":"https:\/\/baymonte.es\/","name":"Baymonte","description":"","potentialAction":[{"@type":"SearchAction","target":{"@type":"EntryPoint","urlTemplate":"https:\/\/baymonte.es\/?s={search_term_string}"},"query-input":"required name=search_term_string"}],"inLanguage":"de-DE"}]}},"_links":{"self":[{"href":"https:\/\/baymonte.es\/de\/wp-json\/wp\/v2\/pages\/763"}],"collection":[{"href":"https:\/\/baymonte.es\/de\/wp-json\/wp\/v2\/pages"}],"about":[{"href":"https:\/\/baymonte.es\/de\/wp-json\/wp\/v2\/types\/page"}],"author":[{"embeddable":true,"href":"https:\/\/baymonte.es\/de\/wp-json\/wp\/v2\/users\/2"}],"replies":[{"embeddable":true,"href":"https:\/\/baymonte.es\/de\/wp-json\/wp\/v2\/comments?post=763"}],"version-history":[{"count":4,"href":"https:\/\/baymonte.es\/de\/wp-json\/wp\/v2\/pages\/763\/revisions"}],"predecessor-version":[{"id":787,"href":"https:\/\/baymonte.es\/de\/wp-json\/wp\/v2\/pages\/763\/revisions\/787"}],"wp:attachment":[{"href":"https:\/\/baymonte.es\/de\/wp-json\/wp\/v2\/media?parent=763"}],"curies":[{"name":"wp","href":"https:\/\/api.w.org\/{rel}","templated":true}]}}